{"id":63,"date":"2026-01-12T18:46:56","date_gmt":"2026-01-12T17:46:56","guid":{"rendered":"https:\/\/izka.you2.pl\/?page_id=63"},"modified":"2026-01-12T18:48:22","modified_gmt":"2026-01-12T17:48:22","slug":"oferta","status":"publish","type":"page","link":"https:\/\/izka.you2.pl\/index.php\/oferta\/","title":{"rendered":"Oferta"},"content":{"rendered":"\n<p class=\"has-vivid-green-cyan-background-color has-background has-x-large-font-size\" style=\"border-top-left-radius:60px;border-top-right-radius:60px;border-bottom-left-radius:60px;border-bottom-right-radius:60px\">Moja oferta<\/p>\n\n\n\n<p>Oferuj\u0119\u00a0<strong>korepetycje online z biologii i fizyki<\/strong>\u00a0dla uczni\u00f3w na r\u00f3\u017cnych poziomach edukacji.<\/p>\n\n\n\n<figure class=\"wp-block-image size-full\"><img loading=\"lazy\" decoding=\"async\" width=\"1024\" height=\"1024\" src=\"https:\/\/izka.you2.pl\/wp-content\/uploads\/2026\/01\/image-1.png\" alt=\"\" class=\"wp-image-65\" srcset=\"https:\/\/izka.you2.pl\/wp-content\/uploads\/2026\/01\/image-1.png 1024w, https:\/\/izka.you2.pl\/wp-content\/uploads\/2026\/01\/image-1-300x300.png 300w, https:\/\/izka.you2.pl\/wp-content\/uploads\/2026\/01\/image-1-150x150.png 150w, https:\/\/izka.you2.pl\/wp-content\/uploads\/2026\/01\/image-1-768x768.png 768w\" sizes=\"auto, (max-width: 1024px) 100vw, 1024px\" \/><\/figure>\n\n\n\n<h3 class=\"wp-block-heading has-pale-cyan-blue-background-color has-background\" style=\"border-top-left-radius:61px;border-top-right-radius:61px;border-bottom-left-radius:61px;border-bottom-right-radius:61px\">W czym mog\u0119 pom\u00f3c?<\/h3>\n\n\n\n<ul class=\"wp-block-list\">\n<li><strong>Biologia:<\/strong>\u00a0Od podstaw kom\u00f3rki, przez genetyk\u0119, a\u017c po ekologi\u0119. Roz\u0142o\u017cymy na czynniki pierwsze wszystko, co trudne, i poka\u017cemy, jak fascynuj\u0105ca jest natura.<\/li>\n\n\n\n<li><strong>Fizyka:<\/strong>\u00a0Bez strachu przed wzorami! Naucz\u0119 Ci\u0119 rozumie\u0107, jak dzia\u0142a \u015bwiat \u2013 od mechaniki, przez elektryczno\u015b\u0107, a\u017c po zjawiska kwantowe. Skupimy si\u0119 na\u00a0<strong>intuicyjnym zrozumieniu<\/strong>, a nie tylko mechanicznym wkuwaniu.<\/li>\n<\/ul>\n\n\n\n<figure class=\"wp-block-image size-full\"><img loading=\"lazy\" decoding=\"async\" width=\"1024\" height=\"1024\" src=\"http:\/\/izka.you2.pl\/wp-content\/uploads\/2025\/11\/image-3.png\" alt=\"\" class=\"wp-image-31\" srcset=\"https:\/\/izka.you2.pl\/wp-content\/uploads\/2025\/11\/image-3.png 1024w, https:\/\/izka.you2.pl\/wp-content\/uploads\/2025\/11\/image-3-300x300.png 300w, https:\/\/izka.you2.pl\/wp-content\/uploads\/2025\/11\/image-3-150x150.png 150w, https:\/\/izka.you2.pl\/wp-content\/uploads\/2025\/11\/image-3-768x768.png 768w\" sizes=\"auto, (max-width: 1024px) 100vw, 1024px\" \/><\/figure>\n\n\n\n<p>Moja sympatia do fizyki wzi\u0119\u0142a si\u0119 z czystej ciekawo\u015bci. <strong>Zawsze chcia\u0142am wiedzie\u0107 'dlaczego?<\/strong>&#8217;. Fascynuje mnie to, \u017ce te same prawa, kt\u00f3re rz\u0105dz\u0105 spadaj\u0105cym jab\u0142kiem, trzymaj\u0105 w ryzach ca\u0142e galaktyki. W fizyce najbardziej ceni\u0119 jej logik\u0119 i to, \u017ce kiedy raz zrozumiesz mechanizm, \u015bwiat wok\u00f3\u0142 Ciebie zaczyna wygl\u0105da\u0107 zupe\u0142nie inaczej.<\/p>\n\n\n\n<figure class=\"wp-block-image size-full\"><img loading=\"lazy\" decoding=\"async\" width=\"1024\" height=\"1024\" src=\"https:\/\/izka.you2.pl\/wp-content\/uploads\/2026\/01\/image-2.png\" alt=\"\" class=\"wp-image-66\" srcset=\"https:\/\/izka.you2.pl\/wp-content\/uploads\/2026\/01\/image-2.png 1024w, https:\/\/izka.you2.pl\/wp-content\/uploads\/2026\/01\/image-2-300x300.png 300w, https:\/\/izka.you2.pl\/wp-content\/uploads\/2026\/01\/image-2-150x150.png 150w, https:\/\/izka.you2.pl\/wp-content\/uploads\/2026\/01\/image-2-768x768.png 768w\" sizes=\"auto, (max-width: 1024px) 100vw, 1024px\" \/><\/figure>\n\n\n\n<p>Biologia to dla mnie fascynuj\u0105ca podr\u00f3\u017c do wn\u0119trza nas samych. Jako studentka kognitywistyki wiem, \u017ce aby zrozumie\u0107, jak my\u015blimy, musimy najpierw pozna\u0107 niesamowit\u0105 maszyneri\u0119 naszego organizmu. Uwielbiam odkrywa\u0107, jak mikroskopijne procesy w naszych neuronach przek\u0142adaj\u0105 si\u0119 na to, kim jeste\u015bmy i jak postrzegamy \u015bwiat<\/p>\n\n\n\n<figure class=\"wp-block-image size-full\"><img loading=\"lazy\" decoding=\"async\" width=\"1024\" height=\"1024\" src=\"https:\/\/izka.you2.pl\/wp-content\/uploads\/2026\/01\/image-3.png\" alt=\"\" class=\"wp-image-67\" srcset=\"https:\/\/izka.you2.pl\/wp-content\/uploads\/2026\/01\/image-3.png 1024w, https:\/\/izka.you2.pl\/wp-content\/uploads\/2026\/01\/image-3-300x300.png 300w, https:\/\/izka.you2.pl\/wp-content\/uploads\/2026\/01\/image-3-150x150.png 150w, https:\/\/izka.you2.pl\/wp-content\/uploads\/2026\/01\/image-3-768x768.png 768w\" sizes=\"auto, (max-width: 1024px) 100vw, 1024px\" \/><\/figure>\n\n\n\n<p class=\"has-large-font-size\">W razie pyta\u0144 prosz\u0119 napisz do mnie.<\/p>\n\n\n\n<p class=\"has-x-large-font-size\">Izka \ud83d\ude42 <\/p>\n\n\n\n<div class=\"wp-block-group alignfull has-background-color has-vivid-green-cyan-background-color has-background has-global-padding is-layout-constrained wp-container-core-group-is-layout-5d2f8bdc wp-block-group-is-layout-constrained\" style=\"margin-top:0;margin-bottom:0;padding-top:var(--wp--preset--spacing--40);padding-right:var(--wp--preset--spacing--30);padding-bottom:var(--wp--preset--spacing--40);padding-left:var(--wp--preset--spacing--30)\">\n<div class=\"wp-block-group alignwide is-content-justification-space-between is-layout-flex wp-container-core-group-is-layout-b585a4aa wp-block-group-is-layout-flex\">\n<div class=\"wp-block-group is-layout-flex wp-block-group-is-layout-flex\"><nav class=\"has-small-font-size is-responsive items-justified-left wp-block-navigation is-content-justification-left is-layout-flex wp-container-core-navigation-is-layout-8eed085e wp-block-navigation-is-layout-flex\" aria-label=\"Nawigacja\" \n\t\t data-wp-interactive=\"core\/navigation\" data-wp-context='{\"overlayOpenedBy\":{\"click\":false,\"hover\":false,\"focus\":false},\"type\":\"overlay\",\"roleAttribute\":\"\",\"ariaLabel\":\"Menu\"}'><button aria-haspopup=\"dialog\" aria-label=\"Rozwi\u0144 menu\" class=\"wp-block-navigation__responsive-container-open\" \n\t\t\t\tdata-wp-on--click=\"actions.openMenuOnClick\"\n\t\t\t\tdata-wp-on--keydown=\"actions.handleMenuKeydown\"\n\t\t\t><svg width=\"24\" height=\"24\" xmlns=\"http:\/\/www.w3.org\/2000\/svg\" viewBox=\"0 0 24 24\" aria-hidden=\"true\" focusable=\"false\"><path d=\"M4 7.5h16v1.5H4z\"><\/path><path d=\"M4 15h16v1.5H4z\"><\/path><\/svg><\/button>\n\t\t\t\t<div class=\"wp-block-navigation__responsive-container\"  id=\"modal-1\" \n\t\t\t\tdata-wp-class--has-modal-open=\"state.isMenuOpen\"\n\t\t\t\tdata-wp-class--is-menu-open=\"state.isMenuOpen\"\n\t\t\t\tdata-wp-watch=\"callbacks.initMenu\"\n\t\t\t\tdata-wp-on--keydown=\"actions.handleMenuKeydown\"\n\t\t\t\tdata-wp-on--focusout=\"actions.handleMenuFocusout\"\n\t\t\t\ttabindex=\"-1\"\n\t\t\t>\n\t\t\t\t\t<div class=\"wp-block-navigation__responsive-close\" tabindex=\"-1\">\n\t\t\t\t\t\t<div class=\"wp-block-navigation__responsive-dialog\" \n\t\t\t\tdata-wp-bind--aria-modal=\"state.ariaModal\"\n\t\t\t\tdata-wp-bind--aria-label=\"state.ariaLabel\"\n\t\t\t\tdata-wp-bind--role=\"state.roleAttribute\"\n\t\t\t>\n\t\t\t\t\t\t\t<button aria-label=\"Zamknij menu\" class=\"wp-block-navigation__responsive-container-close\" \n\t\t\t\tdata-wp-on--click=\"actions.closeMenuOnClick\"\n\t\t\t><svg xmlns=\"http:\/\/www.w3.org\/2000\/svg\" viewBox=\"0 0 24 24\" width=\"24\" height=\"24\" aria-hidden=\"true\" focusable=\"false\"><path d=\"m13.06 12 6.47-6.47-1.06-1.06L12 10.94 5.53 4.47 4.47 5.53 10.94 12l-6.47 6.47 1.06 1.06L12 13.06l6.47 6.47 1.06-1.06L13.06 12Z\"><\/path><\/svg><\/button>\n\t\t\t\t\t\t\t<div class=\"wp-block-navigation__responsive-container-content\" \n\t\t\t\tdata-wp-watch=\"callbacks.focusFirstElement\"\n\t\t\t id=\"modal-1-content\">\n\t\t\t\t\t\t\t\t<ul class=\"wp-block-navigation__container has-small-font-size is-responsive items-justified-left wp-block-navigation has-small-font-size\"><ul class=\"has-small-font-size wp-block-page-list\"><li class=\"wp-block-pages-list__item wp-block-navigation-item open-on-hover-click\"><a class=\"wp-block-pages-list__item__link wp-block-navigation-item__content\" href=\"https:\/\/izka.you2.pl\/index.php\/izka-studentka-biologii-oraz-kognitywistyki\/\">IZKa &#8211; studentka biologii oraz kognitywistyki.<\/a><\/li><li class=\"wp-block-pages-list__item wp-block-navigation-item open-on-hover-click\"><a class=\"wp-block-pages-list__item__link wp-block-navigation-item__content\" href=\"https:\/\/izka.you2.pl\/index.php\/przykladowa-strona\/\">Kontakt<\/a><\/li><li class=\"wp-block-pages-list__item wp-block-navigation-item open-on-hover-click\"><a class=\"wp-block-pages-list__item__link wp-block-navigation-item__content\" href=\"https:\/\/izka.you2.pl\/index.php\/roman\/\">Masz pytania? Napisz do mnie!<\/a><\/li><li class=\"wp-block-pages-list__item wp-block-navigation-item open-on-hover-click\"><a class=\"wp-block-pages-list__item__link wp-block-navigation-item__content\" href=\"https:\/\/izka.you2.pl\/index.php\/oferta\/\">Oferta<\/a><\/li><li class=\"wp-block-pages-list__item wp-block-navigation-item open-on-hover-click\"><a class=\"wp-block-pages-list__item__link wp-block-navigation-item__content\" href=\"https:\/\/izka.you2.pl\/index.php\/polityka-prywatnosci\/\">Polityka prywatno\u015bci<\/a><\/li><li class=\"wp-block-pages-list__item wp-block-navigation-item open-on-hover-click menu-item-home\"><a class=\"wp-block-pages-list__item__link wp-block-navigation-item__content\" href=\"https:\/\/izka.you2.pl\/\">O firmie<\/a><\/li><\/ul><\/ul>\n\t\t\t\t\t\t\t<\/div>\n\t\t\t\t\t\t<\/div>\n\t\t\t\t\t<\/div>\n\t\t\t\t<\/div><\/nav><\/div>\n\n\n\n<p class=\"has-small-font-size\"> Z dum\u0105 wspierane przez <a rel=\"nofollow\" href=\"https:\/\/wordpress.org\">WordPress<\/a> <\/p>\n<\/div>\n<\/div>\n\n\n\n<div class=\"wp-block-group alignfull has-light-green-cyan-background-color has-background has-global-padding is-layout-constrained wp-container-core-group-is-layout-3bfa357b wp-block-group-is-layout-constrained\" style=\"padding-top:var(--wp--preset--spacing--50);padding-right:var(--wp--preset--spacing--40);padding-bottom:var(--wp--preset--spacing--50);padding-left:var(--wp--preset--spacing--40)\">\n<div class=\"wp-block-group alignwide is-content-justification-space-between is-layout-flex wp-container-core-group-is-layout-cdd4a880 wp-block-group-is-layout-flex\">\n<div class=\"wp-block-group wp-container-content-9cfa9a5a has-global-padding is-content-justification-left is-layout-constrained wp-container-core-group-is-layout-12dd3699 wp-block-group-is-layout-constrained\">\n<p class=\"has-text-align-left\" style=\"font-size:clamp(0.875rem, 0.875rem + ((1vw - 0.2rem) * 0.045), 0.9rem);font-style:normal;font-weight:600;letter-spacing:1px;text-transform:uppercase\">Szukaj<\/p>\n\n\n<form role=\"search\" method=\"get\" action=\"https:\/\/izka.you2.pl\/\" class=\"wp-block-search__button-outside wp-block-search__icon-button wp-block-search\"    ><label class=\"wp-block-search__label screen-reader-text\" for=\"wp-block-search__input-2\" >Search<\/label><div class=\"wp-block-search__inside-wrapper\"  style=\"width: 100%\"><input class=\"wp-block-search__input\" id=\"wp-block-search__input-2\" placeholder=\"\" value=\"\" type=\"search\" name=\"s\" required  style=\"border-width: 1px\"\/><button aria-label=\"Search\" class=\"wp-block-search__button has-icon wp-element-button\" type=\"submit\"  style=\"border-width: 1px\"><svg class=\"search-icon\" viewBox=\"0 0 24 24\" width=\"24\" height=\"24\">\n\t\t\t\t\t<path d=\"M13 5c-3.3 0-6 2.7-6 6 0 1.4.5 2.7 1.3 3.7l-3.8 3.8 1.1 1.1 3.8-3.8c1 .8 2.3 1.3 3.7 1.3 3.3 0 6-2.7 6-6S16.3 5 13 5zm0 10.5c-2.5 0-4.5-2-4.5-4.5s2-4.5 4.5-4.5 4.5 2 4.5 4.5-2 4.5-4.5 4.5z\"><\/path>\n\t\t\t\t<\/svg><\/button><\/div><\/form><\/div>\n\n\n\n<div class=\"wp-block-group is-content-justification-right is-nowrap is-layout-flex wp-container-core-group-is-layout-469b99a4 wp-block-group-is-layout-flex\">\n<div class=\"wp-block-group is-vertical is-layout-flex wp-container-core-group-is-layout-fe9cc265 wp-block-group-is-layout-flex\">\n<p class=\"has-text-align-left\" style=\"font-size:clamp(0.875rem, 0.875rem + ((1vw - 0.2rem) * 0.045), 0.9rem);font-style:normal;font-weight:600;letter-spacing:1px;text-transform:uppercase\">Spo\u0142eczno\u015bci <\/p>\n\n\n\n<div class=\"wp-block-group has-small-font-size is-vertical is-content-justification-left is-layout-flex wp-container-core-group-is-layout-32091062 wp-block-group-is-layout-flex\">\n<p><a href=\"#\">Facebook<\/a><\/p>\n\n\n\n<p><a href=\"#\">Instagram<\/a><\/p>\n\n\n\n<p><a href=\"#\">X(Twitter)<\/a><\/p>\n<\/div>\n<\/div>\n<\/div>\n<\/div>\n\n\n\n<div style=\"height:48px\" aria-hidden=\"true\" class=\"wp-block-spacer\"><\/div>\n\n\n\n<div class=\"wp-block-group alignwide is-content-justification-space-between is-layout-flex wp-container-core-group-is-layout-b585a4aa wp-block-group-is-layout-flex\">\n<div class=\"wp-block-group is-layout-flex wp-block-group-is-layout-flex\"><h1 class=\"wp-block-site-title has-small-font-size\"><a href=\"https:\/\/izka.you2.pl\" target=\"_self\" rel=\"home\">Kolejna witryna oparta na WordPressie<\/a><\/h1><\/div>\n\n\n\n<p class=\"has-small-font-size\"> Z dum\u0105 wspierane przez <a rel=\"nofollow\" href=\"https:\/\/wordpress.org\">WordPress<\/a> <\/p>\n<\/div>\n<\/div>\n","protected":false},"excerpt":{"rendered":"<p>Moja oferta Oferuj\u0119\u00a0korepetycje online z biologii i fizyki\u00a0dla uczni\u00f3w na r\u00f3\u017cnych poziomach edukacji. W czym mog\u0119 pom\u00f3c? Moja sympatia do fizyki wzi\u0119\u0142a si\u0119 z czystej ciekawo\u015bci. Zawsze chcia\u0142am wiedzie\u0107 'dlaczego?&#8217;. Fascynuje mnie to, \u017ce te same prawa, kt\u00f3re rz\u0105dz\u0105 spadaj\u0105cym jab\u0142kiem, trzymaj\u0105 w ryzach ca\u0142e galaktyki. W fizyce najbardziej ceni\u0119 jej logik\u0119 i to, \u017ce [&hellip;]<\/p>\n","protected":false},"author":1,"featured_media":0,"parent":0,"menu_order":0,"comment_status":"closed","ping_status":"closed","template":"","meta":{"_monsterinsights_skip_tracking":false,"_monsterinsights_sitenote_active":false,"_monsterinsights_sitenote_note":"","_monsterinsights_sitenote_category":0,"footnotes":""},"class_list":["post-63","page","type-page","status-publish","hentry"],"aioseo_notices":[],"_links":{"self":[{"href":"https:\/\/izka.you2.pl\/index.php\/wp-json\/wp\/v2\/pages\/63","targetHints":{"allow":["GET"]}}],"collection":[{"href":"https:\/\/izka.you2.pl\/index.php\/wp-json\/wp\/v2\/pages"}],"about":[{"href":"https:\/\/izka.you2.pl\/index.php\/wp-json\/wp\/v2\/types\/page"}],"author":[{"embeddable":true,"href":"https:\/\/izka.you2.pl\/index.php\/wp-json\/wp\/v2\/users\/1"}],"replies":[{"embeddable":true,"href":"https:\/\/izka.you2.pl\/index.php\/wp-json\/wp\/v2\/comments?post=63"}],"version-history":[{"count":2,"href":"https:\/\/izka.you2.pl\/index.php\/wp-json\/wp\/v2\/pages\/63\/revisions"}],"predecessor-version":[{"id":70,"href":"https:\/\/izka.you2.pl\/index.php\/wp-json\/wp\/v2\/pages\/63\/revisions\/70"}],"wp:attachment":[{"href":"https:\/\/izka.you2.pl\/index.php\/wp-json\/wp\/v2\/media?parent=63"}],"curies":[{"name":"wp","href":"https:\/\/api.w.org\/{rel}","templated":true}]}}