{"id":3,"date":"2025-04-17T20:58:37","date_gmt":"2025-04-17T18:58:37","guid":{"rendered":"http:\/\/testwp68-ai.you2.pl\/?page_id=3"},"modified":"2025-11-15T16:06:34","modified_gmt":"2025-11-15T15:06:34","slug":"polityka-prywatnosci","status":"publish","type":"page","link":"https:\/\/izka.you2.pl\/index.php\/polityka-prywatnosci\/","title":{"rendered":"Polityka prywatno\u015bci"},"content":{"rendered":"\n<p><\/p>\n\n\n\n<h2 class=\"wp-block-heading\">Kim jeste\u015bmy<\/h2>\n\n\n\n<p>Adres naszej strony internetowej to: izka.you2.pl Jest to przestrze\u0144 stworzona przez studentk\u0119 kognitywistyki, Iz\u0119, by dzieli\u0107 si\u0119 wiedz\u0105 z zakresu kognitywistyki, biologii i fizyki, a tak\u017ce oferowa\u0107 korepetycje i materia\u0142y edukacyjne.<\/p>\n\n\n\n<h2 class=\"wp-block-heading\">Komentarze<\/h2>\n\n\n\n<p>Kiedy odwiedzaj\u0105cy witryn\u0119 zostawia komentarz, zbieramy dane widoczne w formularzu komentowania, takie jak nazwa u\u017cytkownika (je\u015bli podana), tre\u015b\u0107 komentarza oraz adres IP odwiedzaj\u0105cego i podpis jego przegl\u0105darki. Dane te s\u0142u\u017c\u0105 wy\u0142\u0105cznie do cel\u00f3w moderacji komentarzy, zapewnienia bezpiecze\u0144stwa strony i ochrony przed spamem. Cenimy otwart\u0105 i konstruktywn\u0105 dyskusj\u0119!<br>Anonimizowany ci\u0105g znak\u00f3w utworzony z twojego adresu e-mail (zwany te\u017c hashem) mo\u017ce zosta\u0107 przes\u0142any do us\u0142ugi Gravatar w celu sprawdzenia, czy jest u\u017cywany. Polityka prywatno\u015bci us\u0142ugi Gravatar jest dost\u0119pna pod adresem: https:\/\/automattic.com\/privacy\/. Po zatwierdzeniu komentarza tw\u00f3j obraz profilowy jest widoczny publicznie w kontek\u015bcie twojego komentarza.<br>Media<br>Je\u015bli jeste\u015b zarejestrowanym u\u017cytkownikiem i wgrywasz na witryn\u0119 obrazki (np. jako cz\u0119\u015b\u0107 komentarzy, je\u015bli taka opcja jest dost\u0119pna), powiniene\u015b unika\u0107 przesy\u0142ania obrazk\u00f3w z tagami EXIF lokalizacji. Odwiedzaj\u0105cy stron\u0119 mog\u0105 pobra\u0107 i odczyta\u0107 pe\u0142ne dane lokalizacyjne z obrazk\u00f3w w witrynie. Pami\u0119taj, \u017ce wszelkie udost\u0119pniane przez Ciebie materia\u0142y graficzne powinny by\u0107 zgodne z prawem autorskim i nie narusza\u0107 prywatno\u015bci innych.<br>Osadzone tre\u015bci z innych witryn<br>Artyku\u0142y na tej witrynie mog\u0105 zawiera\u0107 osadzone tre\u015bci (np. filmy z YouTube, artyku\u0142y z innych blog\u00f3w, interaktywne diagramy). Osadzone tre\u015bci z innych witryn zachowuj\u0105 si\u0119 analogicznie do tego, jakby u\u017cytkownik odwiedzi\u0142 bezpo\u015brednio konkretn\u0105 witryn\u0119.<br>Witryny te mog\u0105 zbiera\u0107 informacje o tobie, u\u017cywa\u0107 ciasteczek, do\u0142\u0105cza\u0107 dodatkowe, zewn\u0119trzne systemy \u015bledzenia i monitorowa\u0107 twoje interakcje z osadzonymi tre\u015bciami, w\u0142\u0105czaj\u0105c w to \u015bledzenie twoich interakcji z osadzon\u0105 tre\u015bci\u0105, je\u015bli posiadasz konto i jeste\u015b zalogowany w tamtej witrynie. Staramy si\u0119 korzysta\u0107 z zaufanych \u017ar\u00f3de\u0142, ale nie ponosimy odpowiedzialno\u015bci za polityki prywatno\u015bci zewn\u0119trznych serwis\u00f3w.<\/p>\n\n\n\n<h2 class=\"wp-block-heading\">Media<\/h2>\n\n\n\n<p><strong class=\"privacy-policy-tutorial\">Sugerowany tekst: <\/strong>Je\u015bli jeste\u015b zarejestrowanym u\u017cytkownikiem i wgrywasz na witryn\u0119 obrazki, powiniene\u015b unika\u0107 przesy\u0142ania obrazk\u00f3w z tagami EXIF lokalizacji. Odwiedzaj\u0105cy stron\u0119 mog\u0105 pobra\u0107 i odczyta\u0107 pe\u0142ne dane lokalizacyjne z obrazk\u00f3w w witrynie.<\/p>\n\n\n\n<h2 class=\"wp-block-heading\">Ciasteczka<\/h2>\n\n\n\n<p>Je\u015bli skomentujesz co\u015b w witrynie, b\u0119dzie mo\u017cna wybra\u0107 opcj\u0119 zapisu nazwy, adresu e-mail i witryny internetowej w ciasteczkach, dzi\u0119ki kt\u00f3rym podczas pisania kolejnych komentarzy powy\u017csze informacje b\u0119d\u0105 ju\u017c dogodnie uzupe\u0142nione. Ciasteczka wygasaj\u0105 po roku.<br>Je\u015bli odwiedzisz stron\u0119 logowania (np. panel administracyjny lub konto korepetytora, je\u015bli takie funkcje zostan\u0105 wdro\u017cone), utworzymy tymczasowe ciasteczko na potrzeby sprawdzenia, czy twoja przegl\u0105darka akceptuje ciasteczka. Nie zawiera ono \u017cadnych danych osobistych i zostanie usuni\u0119te, kiedy przegl\u0105darka zostanie zamkni\u0119ta.<br>Podczas logowania tworzymy dodatkowo kilka ciasteczek potrzebnych do zapisu twoich informacji logowania oraz wybranych opcji ekranu. Ciasteczka logowania wygasaj\u0105 po dw\u00f3ch dniach, a ciasteczka opcji ekranu po roku. Je\u015bli zaznaczysz opcj\u0119 &#8222;Pami\u0119taj mnie&#8221;, logowanie wyga\u015bnie po dw\u00f3ch tygodniach. Je\u015bli wylogujesz si\u0119 ze swojego konta, ciasteczka logowania zostan\u0105 usuni\u0119te.<br>Z kim dzielimy si\u0119 danymi<br>Twoje dane s\u0105 dla nas wa\u017cne. Nie sprzedajemy ani nie wynajmujemy Twoich danych osobowych stronom trzecim. W przypadku, gdy za\u017c\u0105dasz zresetowania has\u0142a, tw\u00f3j adres IP zostanie do\u0142\u0105czony do wysy\u0142anej wiadomo\u015bci w celu zapewnienia bezpiecze\u0144stwa i uwierzytelnienia \u017c\u0105dania. Mo\u017cemy udost\u0119pnia\u0107 anonimowe dane analityczne zaufanym partnerom, aby lepiej zrozumie\u0107 ruch na stronie i optymalizowa\u0107 tre\u015bci.<br>Jak d\u0142ugo przechowujemy twoje dane<br>Je\u015bli zostawisz komentarz, jego tre\u015b\u0107 i metadane b\u0119d\u0105 przechowywane przez czas nieokre\u015blony. Dzi\u0119ki temu jeste\u015bmy w stanie rozpoznawa\u0107 i zatwierdza\u0107 kolejne komentarze automatycznie, bez wysy\u0142ania ich do ka\u017cdorazowej moderacji. W przypadku u\u017cytkownik\u00f3w, kt\u00f3rzy zarejestrowali si\u0119 na naszej stronie (je\u015bli taka opcja zostanie wprowadzona), przechowujemy r\u00f3wnie\u017c informacje osobiste podane w ich profilu.<br>Jakie masz prawa do swoich danych<br>Je\u015bli masz konto u\u017cytkownika albo doda\u0142e\u015b komentarze w tej witrynie, mo\u017cesz za\u017c\u0105da\u0107 dostarczenia pliku z wyeksportowanym kompletem twoich danych osobistych b\u0119d\u0105cych w naszym posiadaniu, w tym ca\u0142o\u015b\u0107 tych dostarczonych przez ciebie. Mo\u017cesz r\u00f3wnie\u017c za\u017c\u0105da\u0107 usuni\u0119cia przez nas ca\u0142o\u015bci twoich danych osobistych w naszym posiadaniu. Nie dotyczy to \u017cadnych danych, kt\u00f3re jeste\u015bmy zobligowani zachowa\u0107 ze wzgl\u0119d\u00f3w administracyjnych, prawnych albo bezpiecze\u0144stwa. Ka\u017cdy u\u017cytkownik mo\u017ce dokona\u0107 wgl\u0105du, korekty albo skasowa\u0107 swoje informacje osobiste w dowolnej chwili (nie licz\u0105c nazwy u\u017cytkownika, kt\u00f3rej nie mo\u017cna zmieni\u0107). Administratorzy strony r\u00f3wnie\u017c mog\u0105 przegl\u0105da\u0107 i modyfikowa\u0107 te informacje.<br>Gdzie wysy\u0142amy twoje dane<br>Komentarze go\u015bci mog\u0105 by\u0107 sprawdzane za pomoc\u0105 automatycznej us\u0142ugi wykrywania spamu, takiej jak Akismet, aby zapewni\u0107 czysto\u015b\u0107 i bezpiecze\u0144stwo sekcji komentarzy. Wszelkie inne dane s\u0105 przetwarzane wewn\u0119trznie i nie s\u0105 wysy\u0142ane poza granice Unii Europejskiej, chyba \u017ce jest to niezb\u0119dne do dzia\u0142ania konkretnej us\u0142ugi (np. serwery hostingowe) i zapewnione s\u0105 odpowiednie zabezpieczenia.<\/p>\n","protected":false},"excerpt":{"rendered":"<p>Kim jeste\u015bmy Adres naszej strony internetowej to: izka.you2.pl Jest to przestrze\u0144 stworzona przez studentk\u0119 kognitywistyki, Iz\u0119, by dzieli\u0107 si\u0119 wiedz\u0105 z zakresu kognitywistyki, biologii i fizyki, a tak\u017ce oferowa\u0107 korepetycje i materia\u0142y edukacyjne. Komentarze Kiedy odwiedzaj\u0105cy witryn\u0119 zostawia komentarz, zbieramy dane widoczne w formularzu komentowania, takie jak nazwa u\u017cytkownika (je\u015bli podana), tre\u015b\u0107 komentarza oraz adres [&hellip;]<\/p>\n","protected":false},"author":1,"featured_media":0,"parent":0,"menu_order":0,"comment_status":"closed","ping_status":"open","template":"","meta":{"_monsterinsights_skip_tracking":false,"_monsterinsights_sitenote_active":false,"_monsterinsights_sitenote_note":"","_monsterinsights_sitenote_category":0,"footnotes":""},"class_list":["post-3","page","type-page","status-publish","hentry"],"aioseo_notices":[],"_links":{"self":[{"href":"https:\/\/izka.you2.pl\/index.php\/wp-json\/wp\/v2\/pages\/3","targetHints":{"allow":["GET"]}}],"collection":[{"href":"https:\/\/izka.you2.pl\/index.php\/wp-json\/wp\/v2\/pages"}],"about":[{"href":"https:\/\/izka.you2.pl\/index.php\/wp-json\/wp\/v2\/types\/page"}],"author":[{"embeddable":true,"href":"https:\/\/izka.you2.pl\/index.php\/wp-json\/wp\/v2\/users\/1"}],"replies":[{"embeddable":true,"href":"https:\/\/izka.you2.pl\/index.php\/wp-json\/wp\/v2\/comments?post=3"}],"version-history":[{"count":2,"href":"https:\/\/izka.you2.pl\/index.php\/wp-json\/wp\/v2\/pages\/3\/revisions"}],"predecessor-version":[{"id":43,"href":"https:\/\/izka.you2.pl\/index.php\/wp-json\/wp\/v2\/pages\/3\/revisions\/43"}],"wp:attachment":[{"href":"https:\/\/izka.you2.pl\/index.php\/wp-json\/wp\/v2\/media?parent=3"}],"curies":[{"name":"wp","href":"https:\/\/api.w.org\/{rel}","templated":true}]}}