{"id":26,"date":"2025-11-14T14:01:12","date_gmt":"2025-11-14T13:01:12","guid":{"rendered":"http:\/\/izka.you2.pl\/?page_id=26"},"modified":"2026-01-12T18:04:40","modified_gmt":"2026-01-12T17:04:40","slug":"izka-studentka-biologii-oraz-kognitywistyki","status":"publish","type":"page","link":"https:\/\/izka.you2.pl\/index.php\/izka-studentka-biologii-oraz-kognitywistyki\/","title":{"rendered":"IZKa &#8211; studentka biologii oraz kognitywistyki."},"content":{"rendered":"\n<p><\/p>\n\n\n\n<p><\/p>\n\n\n\n<p>Jestem Izka Kognitywistka i rozkminiam tajemnice m\u00f3zgu na kognitywistyce!&#x1f9ec;&#x1f9e0; M\u00f3j blog to taka naukowa przygoda z przymru\u017ceniem oka \u2013 troch\u0119 o tym, jak neurony robi\u0105 imprez\u0119 w g\u0142owie, troch\u0119 o kom\u00f3rkach, kt\u00f3re maj\u0105 swoje dramaty. Z odrobin\u0105 humoru, bo nauka to nie tylko powa\u017cne miny i wzory! Gotowi na dawk\u0119 wiedzy z nutk\u0105 frajdy? Wskakujcie! &#x1f680;<\/p>\n\n\n\n<p><\/p>\n\n\n\n<figure class=\"wp-block-image size-full\"><img loading=\"lazy\" decoding=\"async\" width=\"1024\" height=\"1024\" src=\"http:\/\/izka.you2.pl\/wp-content\/uploads\/2025\/11\/image-4.png\" alt=\"\" class=\"wp-image-35\" srcset=\"https:\/\/izka.you2.pl\/wp-content\/uploads\/2025\/11\/image-4.png 1024w, https:\/\/izka.you2.pl\/wp-content\/uploads\/2025\/11\/image-4-300x300.png 300w, https:\/\/izka.you2.pl\/wp-content\/uploads\/2025\/11\/image-4-150x150.png 150w, https:\/\/izka.you2.pl\/wp-content\/uploads\/2025\/11\/image-4-768x768.png 768w\" sizes=\"auto, (max-width: 1024px) 100vw, 1024px\" \/><\/figure>\n\n\n\n<p>Patrzcie na ten m\u00f3zg \u2013 wygl\u0105da jak kosmiczna galaktyka albo\u2026 bardzo skomplikowany makaron! &#x1f604; Ale spokojnie, nie taki neuron straszny, jak go maluj\u0105. To po prostu nasz osobisty superkomputer, kt\u00f3ry czasem zapomina, gdzie zostawili\u015bmy klucze. &#x1f9e0;&#x2728;<\/p>\n\n\n\n<p><\/p>\n\n\n\n<figure class=\"wp-block-image size-large\"><img loading=\"lazy\" decoding=\"async\" width=\"1024\" height=\"915\" src=\"http:\/\/izka.you2.pl\/wp-content\/uploads\/2025\/11\/image-2-1024x915.png\" alt=\"\" class=\"wp-image-30\" srcset=\"https:\/\/izka.you2.pl\/wp-content\/uploads\/2025\/11\/image-2-1024x915.png 1024w, https:\/\/izka.you2.pl\/wp-content\/uploads\/2025\/11\/image-2-300x268.png 300w, https:\/\/izka.you2.pl\/wp-content\/uploads\/2025\/11\/image-2-768x686.png 768w, https:\/\/izka.you2.pl\/wp-content\/uploads\/2025\/11\/image-2-1536x1372.png 1536w, https:\/\/izka.you2.pl\/wp-content\/uploads\/2025\/11\/image-2.png 1600w\" sizes=\"auto, (max-width: 1024px) 100vw, 1024px\" \/><\/figure>\n\n\n\n<p>Maria Curie mawia\u0142a: \u201eW \u017cyciu niczego nie nale\u017cy si\u0119 ba\u0107, nale\u017cy to tylko zrozumie\u0107.\u201d I w\u0142a\u015bnie w tym duchu na moim blogu rozk\u0142adam nauk\u0119 na czynniki pierwsze \u2013 od m\u00f3zgu po kom\u00f3rki, bez strachu, za to z ciekawo\u015bci\u0105! &#x1f9e0;&#x1f52c; Chcesz wesprze\u0107 moj\u0105 przygod\u0119 z odkrywaniem tajemnic \u015bwiata? Zosta\u0144 sponsorem na Patronite i do\u0142\u0105cz do ekipy, kt\u00f3ra stawia na wiedz\u0119 z przymru\u017ceniem oka! &#x1f680;<\/p>\n\n\n\n<p><\/p>\n\n\n\n<figure class=\"wp-block-image size-full\"><img loading=\"lazy\" decoding=\"async\" width=\"1024\" height=\"1024\" src=\"http:\/\/izka.you2.pl\/wp-content\/uploads\/2025\/11\/image-3.png\" alt=\"\" class=\"wp-image-31\" srcset=\"https:\/\/izka.you2.pl\/wp-content\/uploads\/2025\/11\/image-3.png 1024w, https:\/\/izka.you2.pl\/wp-content\/uploads\/2025\/11\/image-3-300x300.png 300w, https:\/\/izka.you2.pl\/wp-content\/uploads\/2025\/11\/image-3-150x150.png 150w, https:\/\/izka.you2.pl\/wp-content\/uploads\/2025\/11\/image-3-768x768.png 768w\" sizes=\"auto, (max-width: 1024px) 100vw, 1024px\" \/><\/figure>\n\n\n\n<div class=\"wp-block-group alignfull has-background-color has-secondary-color has-text-color has-background has-link-color wp-elements-89df994d1deacc9b6d9d69571761f011 has-global-padding is-layout-constrained wp-container-core-group-is-layout-5d2f8bdc wp-block-group-is-layout-constrained\" style=\"background-color:#9abf93;margin-top:0;margin-bottom:0;padding-top:var(--wp--preset--spacing--40);padding-right:var(--wp--preset--spacing--30);padding-bottom:var(--wp--preset--spacing--40);padding-left:var(--wp--preset--spacing--30)\">\n<div class=\"wp-block-group alignwide is-content-justification-space-between is-layout-flex wp-container-core-group-is-layout-b585a4aa wp-block-group-is-layout-flex\">\n<div class=\"wp-block-group is-layout-flex wp-block-group-is-layout-flex\"><nav class=\"has-small-font-size is-responsive items-justified-left wp-block-navigation is-content-justification-left is-layout-flex wp-container-core-navigation-is-layout-8eed085e wp-block-navigation-is-layout-flex\" aria-label=\"Nawigacja\" \n\t\t data-wp-interactive=\"core\/navigation\" data-wp-context='{\"overlayOpenedBy\":{\"click\":false,\"hover\":false,\"focus\":false},\"type\":\"overlay\",\"roleAttribute\":\"\",\"ariaLabel\":\"Menu\"}'><button aria-haspopup=\"dialog\" aria-label=\"Rozwi\u0144 menu\" class=\"wp-block-navigation__responsive-container-open\" \n\t\t\t\tdata-wp-on--click=\"actions.openMenuOnClick\"\n\t\t\t\tdata-wp-on--keydown=\"actions.handleMenuKeydown\"\n\t\t\t><svg width=\"24\" height=\"24\" xmlns=\"http:\/\/www.w3.org\/2000\/svg\" viewBox=\"0 0 24 24\" aria-hidden=\"true\" focusable=\"false\"><path d=\"M4 7.5h16v1.5H4z\"><\/path><path d=\"M4 15h16v1.5H4z\"><\/path><\/svg><\/button>\n\t\t\t\t<div class=\"wp-block-navigation__responsive-container\"  id=\"modal-1\" \n\t\t\t\tdata-wp-class--has-modal-open=\"state.isMenuOpen\"\n\t\t\t\tdata-wp-class--is-menu-open=\"state.isMenuOpen\"\n\t\t\t\tdata-wp-watch=\"callbacks.initMenu\"\n\t\t\t\tdata-wp-on--keydown=\"actions.handleMenuKeydown\"\n\t\t\t\tdata-wp-on--focusout=\"actions.handleMenuFocusout\"\n\t\t\t\ttabindex=\"-1\"\n\t\t\t>\n\t\t\t\t\t<div class=\"wp-block-navigation__responsive-close\" tabindex=\"-1\">\n\t\t\t\t\t\t<div class=\"wp-block-navigation__responsive-dialog\" \n\t\t\t\tdata-wp-bind--aria-modal=\"state.ariaModal\"\n\t\t\t\tdata-wp-bind--aria-label=\"state.ariaLabel\"\n\t\t\t\tdata-wp-bind--role=\"state.roleAttribute\"\n\t\t\t>\n\t\t\t\t\t\t\t<button aria-label=\"Zamknij menu\" class=\"wp-block-navigation__responsive-container-close\" \n\t\t\t\tdata-wp-on--click=\"actions.closeMenuOnClick\"\n\t\t\t><svg xmlns=\"http:\/\/www.w3.org\/2000\/svg\" viewBox=\"0 0 24 24\" width=\"24\" height=\"24\" aria-hidden=\"true\" focusable=\"false\"><path d=\"m13.06 12 6.47-6.47-1.06-1.06L12 10.94 5.53 4.47 4.47 5.53 10.94 12l-6.47 6.47 1.06 1.06L12 13.06l6.47 6.47 1.06-1.06L13.06 12Z\"><\/path><\/svg><\/button>\n\t\t\t\t\t\t\t<div class=\"wp-block-navigation__responsive-container-content\" \n\t\t\t\tdata-wp-watch=\"callbacks.focusFirstElement\"\n\t\t\t id=\"modal-1-content\">\n\t\t\t\t\t\t\t\t<ul class=\"wp-block-navigation__container has-small-font-size is-responsive items-justified-left wp-block-navigation has-small-font-size\"><ul class=\"has-small-font-size wp-block-page-list\"><li class=\"wp-block-pages-list__item wp-block-navigation-item open-on-hover-click\"><a class=\"wp-block-pages-list__item__link wp-block-navigation-item__content\" href=\"https:\/\/izka.you2.pl\/index.php\/izka-studentka-biologii-oraz-kognitywistyki\/\">IZKa &#8211; studentka biologii oraz kognitywistyki.<\/a><\/li><li class=\"wp-block-pages-list__item wp-block-navigation-item open-on-hover-click\"><a class=\"wp-block-pages-list__item__link wp-block-navigation-item__content\" href=\"https:\/\/izka.you2.pl\/index.php\/przykladowa-strona\/\">Kontakt<\/a><\/li><li class=\"wp-block-pages-list__item wp-block-navigation-item open-on-hover-click\"><a class=\"wp-block-pages-list__item__link wp-block-navigation-item__content\" href=\"https:\/\/izka.you2.pl\/index.php\/roman\/\">Masz pytania? Napisz do mnie!<\/a><\/li><li class=\"wp-block-pages-list__item wp-block-navigation-item open-on-hover-click\"><a class=\"wp-block-pages-list__item__link wp-block-navigation-item__content\" href=\"https:\/\/izka.you2.pl\/index.php\/oferta\/\">Oferta<\/a><\/li><li class=\"wp-block-pages-list__item wp-block-navigation-item open-on-hover-click\"><a class=\"wp-block-pages-list__item__link wp-block-navigation-item__content\" href=\"https:\/\/izka.you2.pl\/index.php\/polityka-prywatnosci\/\">Polityka prywatno\u015bci<\/a><\/li><li class=\"wp-block-pages-list__item wp-block-navigation-item open-on-hover-click menu-item-home\"><a class=\"wp-block-pages-list__item__link wp-block-navigation-item__content\" href=\"https:\/\/izka.you2.pl\/\">O firmie<\/a><\/li><\/ul><\/ul>\n\t\t\t\t\t\t\t<\/div>\n\t\t\t\t\t\t<\/div>\n\t\t\t\t\t<\/div>\n\t\t\t\t<\/div><\/nav><\/div>\n\n\n\n<p class=\"has-small-font-size\"> Z dum\u0105 wspierane przez <a rel=\"nofollow\" href=\"https:\/\/wordpress.org\">WordPress<\/a> <\/p>\n<\/div>\n<\/div>\n","protected":false},"excerpt":{"rendered":"<p>Jestem Izka Kognitywistka i rozkminiam tajemnice m\u00f3zgu na kognitywistyce!&#x1f9ec;&#x1f9e0; M\u00f3j blog to taka naukowa przygoda z przymru\u017ceniem oka \u2013 troch\u0119 o tym, jak neurony robi\u0105 imprez\u0119 w g\u0142owie, troch\u0119 o kom\u00f3rkach, kt\u00f3re maj\u0105 swoje dramaty. Z odrobin\u0105 humoru, bo nauka to nie tylko powa\u017cne miny i wzory! Gotowi na dawk\u0119 wiedzy z nutk\u0105 frajdy? Wskakujcie! [&hellip;]<\/p>\n","protected":false},"author":1,"featured_media":0,"parent":0,"menu_order":0,"comment_status":"closed","ping_status":"closed","template":"","meta":{"_monsterinsights_skip_tracking":false,"_monsterinsights_sitenote_active":false,"_monsterinsights_sitenote_note":"","_monsterinsights_sitenote_category":0,"footnotes":""},"class_list":["post-26","page","type-page","status-publish","hentry"],"aioseo_notices":[],"_links":{"self":[{"href":"https:\/\/izka.you2.pl\/index.php\/wp-json\/wp\/v2\/pages\/26","targetHints":{"allow":["GET"]}}],"collection":[{"href":"https:\/\/izka.you2.pl\/index.php\/wp-json\/wp\/v2\/pages"}],"about":[{"href":"https:\/\/izka.you2.pl\/index.php\/wp-json\/wp\/v2\/types\/page"}],"author":[{"embeddable":true,"href":"https:\/\/izka.you2.pl\/index.php\/wp-json\/wp\/v2\/users\/1"}],"replies":[{"embeddable":true,"href":"https:\/\/izka.you2.pl\/index.php\/wp-json\/wp\/v2\/comments?post=26"}],"version-history":[{"count":3,"href":"https:\/\/izka.you2.pl\/index.php\/wp-json\/wp\/v2\/pages\/26\/revisions"}],"predecessor-version":[{"id":59,"href":"https:\/\/izka.you2.pl\/index.php\/wp-json\/wp\/v2\/pages\/26\/revisions\/59"}],"wp:attachment":[{"href":"https:\/\/izka.you2.pl\/index.php\/wp-json\/wp\/v2\/media?parent=26"}],"curies":[{"name":"wp","href":"https:\/\/api.w.org\/{rel}","templated":true}]}}